{"id":660,"date":"2023-07-07T08:23:49","date_gmt":"2023-07-07T08:23:49","guid":{"rendered":"https:\/\/www.playbac-editions.com\/kinra\/?page_id=660"},"modified":"2023-07-10T10:12:26","modified_gmt":"2023-07-10T10:12:26","slug":"cgu","status":"publish","type":"page","link":"https:\/\/www.playbac-editions.com\/kinra\/cgu\/","title":{"rendered":"Politique des cookies"},"content":{"rendered":"<p align=\"center\">\n<p>Dans le but de r\u00e9pondre aux exigences pos\u00e9es par la loi dite \u00ab Informatique et Libert\u00e9s \u00bb modifi\u00e9e par le R\u00e8glement g\u00e9n\u00e9ral sur la protection des donn\u00e9es, ce document a pour objectif d\u2019informer les utilisateurs sur l\u2019origine et l&#8217;usage des cookies ou t\u00e9moins de connexion trait\u00e9s \u00e0 l&#8217;occasion de vos visites sur notre site web, mais \u00e9galement de vous renseigner sur vos droits.<\/p>\n<p>Nous sommes susceptibles de mettre \u00e0 jour \u00e0 tout moment notre politique, et ces modifications prendront effet imm\u00e9diatement. Nous vous invitons \u00e0 vous y r\u00e9f\u00e9rer r\u00e9guli\u00e8rement afin de prendre connaissance de sa derni\u00e8re version disponible.<\/p>\n<p><span style=\"font-size: large;\"><b>QU\u2019EST-CE QU\u2019UN COOKIE\u00a0? <\/b><\/span><\/p>\n<p>Un &#8220;cookie&#8221; est un fichier informatique de petite taille, d\u00e9pos\u00e9 sur le terminal de l\u2019utilisateur (ordinateur, tablette, smartphone, etc.) lorsqu\u2019il visite un site Internet. Il existe plusieurs cat\u00e9gories de cookies.<\/p>\n<p><span style=\"font-size: large;\"><b>QUELS TYPES DE COOKIES SONT DEPOSES SUR LE TERMINAL DE L\u2019INTERNAUTE VISITANT NOTRE SITE INTERNET\u00a0? <\/b><\/span><\/p>\n<p>La soci\u00e9t\u00e9 les \u00c9ditions PlayBac est amen\u00e9e \u00e0 d\u00e9poser divers cookies sur le terminal des utilisateurs naviguant sur le site web\u00a0<!-- Ajouter le lien du site -->:<\/p>\n<ol>\n<li>\n<p align=\"justify\"><b>Les cookies n\u00e9cessaires au fonctionnement du site web<!-- Compl\u00e9ter la liste des cookies --><\/b><\/p>\n<\/li>\n<\/ol>\n<p align=\"justify\">Ils facilitent la navigation sur notre site web et permettent d\u2019utiliser les principales fonctionnalit\u00e9s de ce dernier, comme acc\u00e9der \u00e0 un contenu ou m\u00e9moriser vos pr\u00e9f\u00e9rences.<\/p>\n<p align=\"justify\">En principe, ces cookies sont exempt\u00e9s de consentement, puisqu\u2019ils sont indispensables au fonctionnement d\u2019un site web. N\u00e9anmoins, vous disposez de la facult\u00e9 de les modifier ou supprimer depuis votre navigateur.<\/p>\n<p align=\"justify\">Pour plus d\u2019informations, nous vous laissons consulter le paragraphe relatif <i><u><b>\u00e0 la gestion des cookies<\/b><\/u><\/i>.<\/p>\n<ol start=\"2\">\n<li><b>Les cookies de mesure d\u2019audience <\/b><\/li>\n<\/ol>\n<p>Les services de mesure d&#8217;audience sont n\u00e9cessaires au fonctionnement du site en permettant sa bonne administration. Ils permettent la production de statistiques d\u2019audience et d\u2019utilisation des services en ligne propos\u00e9s par KINRA.<\/p>\n<p>Les donn\u00e9es n\u00e9cessaires \u00e0 la production de statistiques d\u2019audience (outil MATOMO<!-- Confirm\u00e9 le recours \u00e0 Matomo analytics -->) sont conserv\u00e9es durant 25 mois dans un format ne permettant pas l\u2019identification des personnes par leur adresse IP, et comportent un identifiant (relatif au cookie) conserv\u00e9 pour une dur\u00e9e maximale de 6 mois sauf opposition de la personne concern\u00e9e.<\/p>\n<p>Etant donn\u00e9 que ce type de cookie collecte des statistiques d\u2019audience anonymis\u00e9es, nous n\u2019avons pas besoin du consentement de l\u2019utilisateur pour les collecter.<\/p>\n<p><b>COMMENT CONFIGURER VOS PREFERENCES EN MATIERE DE COOKIES\u00a0? <!-- En principe, si MATOMO est bien configur\u00e9, et que nous n\u2019avons pas recours \u00e0 d\u2019autres cookies \uf0e8 on peut s\u2019abstenir de mettre un bandeau cookie pour KINRA --><\/b><\/p>\n<p align=\"justify\">L\u2019utilisateur dispose toujours de la facult\u00e9 de param\u00e9trer les cookies d\u00e9pos\u00e9s sur son terminal.<\/p>\n<p align=\"justify\">Votre navigateur internet est configur\u00e9 par d\u00e9faut, de ce fait, le d\u00e9p\u00f4t des cookies est autoris\u00e9 sur votre terminal. N\u00e9anmoins, vous disposez de la facult\u00e9 de modifier les param\u00e8tres de votre navigateur, de telle sorte qu\u2019une partie des cookies puisse \u00eatre accept\u00e9e ou refus\u00e9e, voire m\u00eame de rejeter l\u2019ensemble des cookies.<\/p>\n<p align=\"justify\">Vous trouverez la liste des diff\u00e9rents navigateurs ainsi que les liens vous redirigeant sur les \u00e9tapes \u00e0 suivre pour param\u00e9trer vos choix en mati\u00e8re de cookies.<\/p>\n<p align=\"justify\">Google Chrome\u00a0: <span style=\"color: #0000ff;\"><u><a href=\"https:\/\/support.google.com\/chrome\/answer\/95647?hl=fr\">https:\/\/support.google.com\/chrome\/answer\/95647?hl=fr<\/a><\/u><\/span><\/p>\n<p align=\"justify\">Safari\u00a0: <span style=\"color: #0000ff;\"><u><a href=\"https:\/\/support.apple.com\/fr-fr\/guide\/safari\/sfri11471\/mac\">https:\/\/support.apple.com\/fr-fr\/guide\/safari\/sfri11471\/mac<\/a><\/u><\/span><\/p>\n<p align=\"justify\">Firefox\u00a0: <span style=\"color: #0000ff;\"><u><a href=\"https:\/\/support.mozilla.org\/fr\/kb\/protection-renforcee-contre-pistage-firefox-ordinateur?redirectlocale=fr&amp;redirectslug=autoriser-bloquer-cookies-preferences-sites\">https:\/\/support.mozilla.org\/fr\/kb\/protection-renforcee-contre-pistage-firefox-ordinateur?redirectlocale=fr&amp;redirectslug=autoriser-bloquer-cookies-preferences-sites<\/a><\/u><\/span><\/p>\n<p>Internet Explorer\u00a0: <span style=\"color: #0000ff;\"><u><a href=\"https:\/\/support.microsoft.com\/fr-fr\/windows\/supprimer-et-g%C3%A9rer-les-cookies-168dab11-0753-043d-7c16-ede5947fc64d#ie=ie-11\">https:\/\/support.microsoft.com\/fr-fr\/windows\/supprimer-et-g%C3%A9rer-les-cookies-168dab11-0753-043d-7c16-ede5947fc64d#ie=ie-11<\/a><\/u><\/span><\/p>\n<p align=\"justify\">Vous devez savoir que le refus du d\u00e9p\u00f4t de certains cookies est susceptible d\u2019alt\u00e9rer votre acc\u00e8s \u00e0 certaines fonctionnalit\u00e9s de notre site web. C\u2019est le cas notamment des cookies n\u00e9cessaires au fonctionnement du site.<\/p>\n<p align=\"justify\">La soci\u00e9t\u00e9 les \u00c9ditions PlayBac d\u00e9cline toute responsabilit\u00e9 quant aux cons\u00e9quences li\u00e9es \u00e0 la d\u00e9gradation de vos conditions de navigation, li\u00e9es au param\u00e9trage des cookies depuis votre navigateur.<\/p>\n<p align=\"justify\">Ces cons\u00e9quences ne sauraient constituer un d\u00e9dommagement de nos services.<\/p>\n<p>&nbsp;<\/p>\n","protected":false},"excerpt":{"rendered":"<p>Dans le but de r\u00e9pondre aux exigences pos\u00e9es par la loi dite \u00ab Informatique et Libert\u00e9s \u00bb modifi\u00e9e par le R\u00e8glement g\u00e9n\u00e9ral sur la protection des donn\u00e9es, ce document a pour objectif d\u2019informer les utilisateurs sur l\u2019origine et l&#8217;usage des cookies ou t\u00e9moins de connexion trait\u00e9s \u00e0 l&#8217;occasion de vos visites sur notre site web, [&#8230;]<\/p>\n<p><a class=\"btn btn-secondary understrap-read-more-link\" href=\"https:\/\/www.playbac-editions.com\/kinra\/cgu\/\">Lire la suite&#8230;<\/a><\/p>\n","protected":false},"author":1,"featured_media":0,"parent":0,"menu_order":0,"comment_status":"closed","ping_status":"closed","template":"page-templates\/fullwidthpage.php","meta":{"_acf_changed":false,"footnotes":""},"class_list":["post-660","page","type-page","status-publish","hentry"],"acf":[],"yoast_head":"<!-- This site is optimized with the Yoast SEO plugin v26.8 - https:\/\/yoast.com\/product\/yoast-seo-wordpress\/ -->\n<title>Politique des cookies - kinra<\/title>\n<meta name=\"robots\" content=\"index, follow, max-snippet:-1, max-image-preview:large, max-video-preview:-1\" \/>\n<link rel=\"canonical\" href=\"https:\/\/www.playbac-editions.com\/kinra\/cgu\/\" \/>\n<meta property=\"og:locale\" content=\"fr_FR\" \/>\n<meta property=\"og:type\" content=\"article\" \/>\n<meta property=\"og:title\" content=\"Politique des cookies - kinra\" \/>\n<meta property=\"og:description\" content=\"Dans le but de r\u00e9pondre aux exigences pos\u00e9es par la loi dite \u00ab Informatique et Libert\u00e9s \u00bb modifi\u00e9e par le R\u00e8glement g\u00e9n\u00e9ral sur la protection des donn\u00e9es, ce document a pour objectif d\u2019informer les utilisateurs sur l\u2019origine et l&#8217;usage des cookies ou t\u00e9moins de connexion trait\u00e9s \u00e0 l&#8217;occasion de vos visites sur notre site web, [...]Lire la suite...\" \/>\n<meta property=\"og:url\" content=\"https:\/\/www.playbac-editions.com\/kinra\/cgu\/\" \/>\n<meta property=\"og:site_name\" content=\"kinra\" \/>\n<meta property=\"article:modified_time\" content=\"2023-07-10T10:12:26+00:00\" \/>\n<meta name=\"twitter:card\" content=\"summary_large_image\" \/>\n<meta name=\"twitter:label1\" content=\"Est. reading time\" \/>\n\t<meta name=\"twitter:data1\" content=\"3 minutes\" \/>\n<script type=\"application\/ld+json\" class=\"yoast-schema-graph\">{\"@context\":\"https:\/\/schema.org\",\"@graph\":[{\"@type\":\"WebPage\",\"@id\":\"https:\/\/www.playbac-editions.com\/kinra\/cgu\/\",\"url\":\"https:\/\/www.playbac-editions.com\/kinra\/cgu\/\",\"name\":\"Politique des cookies - kinra\",\"isPartOf\":{\"@id\":\"https:\/\/www.playbac-editions.com\/kinra\/#website\"},\"datePublished\":\"2023-07-07T08:23:49+00:00\",\"dateModified\":\"2023-07-10T10:12:26+00:00\",\"inLanguage\":\"fr-FR\",\"potentialAction\":[{\"@type\":\"ReadAction\",\"target\":[\"https:\/\/www.playbac-editions.com\/kinra\/cgu\/\"]}]},{\"@type\":\"WebSite\",\"@id\":\"https:\/\/www.playbac-editions.com\/kinra\/#website\",\"url\":\"https:\/\/www.playbac-editions.com\/kinra\/\",\"name\":\"kinra\",\"description\":\"Kinra\",\"potentialAction\":[{\"@type\":\"SearchAction\",\"target\":{\"@type\":\"EntryPoint\",\"urlTemplate\":\"https:\/\/www.playbac-editions.com\/kinra\/?s={search_term_string}\"},\"query-input\":{\"@type\":\"PropertyValueSpecification\",\"valueRequired\":true,\"valueName\":\"search_term_string\"}}],\"inLanguage\":\"fr-FR\"}]}<\/script>\n<!-- \/ Yoast SEO plugin. -->","yoast_head_json":{"title":"Politique des cookies - kinra","robots":{"index":"index","follow":"follow","max-snippet":"max-snippet:-1","max-image-preview":"max-image-preview:large","max-video-preview":"max-video-preview:-1"},"canonical":"https:\/\/www.playbac-editions.com\/kinra\/cgu\/","og_locale":"fr_FR","og_type":"article","og_title":"Politique des cookies - kinra","og_description":"Dans le but de r\u00e9pondre aux exigences pos\u00e9es par la loi dite \u00ab Informatique et Libert\u00e9s \u00bb modifi\u00e9e par le R\u00e8glement g\u00e9n\u00e9ral sur la protection des donn\u00e9es, ce document a pour objectif d\u2019informer les utilisateurs sur l\u2019origine et l&#8217;usage des cookies ou t\u00e9moins de connexion trait\u00e9s \u00e0 l&#8217;occasion de vos visites sur notre site web, [...]Lire la suite...","og_url":"https:\/\/www.playbac-editions.com\/kinra\/cgu\/","og_site_name":"kinra","article_modified_time":"2023-07-10T10:12:26+00:00","twitter_card":"summary_large_image","twitter_misc":{"Est. reading time":"3 minutes"},"schema":{"@context":"https:\/\/schema.org","@graph":[{"@type":"WebPage","@id":"https:\/\/www.playbac-editions.com\/kinra\/cgu\/","url":"https:\/\/www.playbac-editions.com\/kinra\/cgu\/","name":"Politique des cookies - kinra","isPartOf":{"@id":"https:\/\/www.playbac-editions.com\/kinra\/#website"},"datePublished":"2023-07-07T08:23:49+00:00","dateModified":"2023-07-10T10:12:26+00:00","inLanguage":"fr-FR","potentialAction":[{"@type":"ReadAction","target":["https:\/\/www.playbac-editions.com\/kinra\/cgu\/"]}]},{"@type":"WebSite","@id":"https:\/\/www.playbac-editions.com\/kinra\/#website","url":"https:\/\/www.playbac-editions.com\/kinra\/","name":"kinra","description":"Kinra","potentialAction":[{"@type":"SearchAction","target":{"@type":"EntryPoint","urlTemplate":"https:\/\/www.playbac-editions.com\/kinra\/?s={search_term_string}"},"query-input":{"@type":"PropertyValueSpecification","valueRequired":true,"valueName":"search_term_string"}}],"inLanguage":"fr-FR"}]}},"_links":{"self":[{"href":"https:\/\/www.playbac-editions.com\/kinra\/wp-json\/wp\/v2\/pages\/660","targetHints":{"allow":["GET"]}}],"collection":[{"href":"https:\/\/www.playbac-editions.com\/kinra\/wp-json\/wp\/v2\/pages"}],"about":[{"href":"https:\/\/www.playbac-editions.com\/kinra\/wp-json\/wp\/v2\/types\/page"}],"author":[{"embeddable":true,"href":"https:\/\/www.playbac-editions.com\/kinra\/wp-json\/wp\/v2\/users\/1"}],"replies":[{"embeddable":true,"href":"https:\/\/www.playbac-editions.com\/kinra\/wp-json\/wp\/v2\/comments?post=660"}],"version-history":[{"count":5,"href":"https:\/\/www.playbac-editions.com\/kinra\/wp-json\/wp\/v2\/pages\/660\/revisions"}],"predecessor-version":[{"id":677,"href":"https:\/\/www.playbac-editions.com\/kinra\/wp-json\/wp\/v2\/pages\/660\/revisions\/677"}],"wp:attachment":[{"href":"https:\/\/www.playbac-editions.com\/kinra\/wp-json\/wp\/v2\/media?parent=660"}],"curies":[{"name":"wp","href":"https:\/\/api.w.org\/{rel}","templated":true}]}}