{"id":656,"date":"2023-07-07T08:22:33","date_gmt":"2023-07-07T08:22:33","guid":{"rendered":"https:\/\/www.playbac-editions.com\/kinra\/?page_id=656"},"modified":"2023-12-27T07:48:03","modified_gmt":"2023-12-27T07:48:03","slug":"mentions-legales","status":"publish","type":"page","link":"https:\/\/www.playbac-editions.com\/kinra\/mentions-legales\/","title":{"rendered":"Mentions l\u00e9gales"},"content":{"rendered":"<p>&nbsp;<\/p>\n<p>La soci\u00e9t\u00e9 \u00ab <strong><em>les \u00c9ditions Playbac\u00a0<\/em><\/strong>\u00bb, soucieuse des droits des individus, notamment au regard des traitements automatis\u00e9s et dans une volont\u00e9 de transparence avec ses clients, a mis en place une politique reprenant l&#8217;ensemble de ces traitements, des finalit\u00e9s poursuivies par ces derniers ainsi que des moyens d&#8217;actions \u00e0 la disposition des individus afin qu&#8217;ils puissent au mieux exercer leurs droits.<\/p>\n<p>Pour toute information compl\u00e9mentaire sur la protection des donn\u00e9es personnelles, nous vous invitons \u00e0 consulter le site : <a href=\"https:\/\/www.cnil.fr\/\">https:\/\/www.cnil.fr\/<\/a><\/p>\n<p>La poursuite de la navigation sur ce site vaut acceptation sans r\u00e9serve des dispositions et conditions d&#8217;utilisation qui suivent. La version actuellement en ligne de ces conditions g\u00e9n\u00e9rales d&#8217;utilisation est la seule opposable pendant toute la dur\u00e9e d&#8217;utilisation du site et jusqu&#8217;\u00e0 ce qu&#8217;une nouvelle version la remplace.<\/p>\n<p>&nbsp;<\/p>\n<p><strong>Article 1 &#8211; Mentions l\u00e9gales<\/strong><\/p>\n<p><strong>1.1 Site<\/strong> (ci-apr\u00e8s \u00ab le site \u00bb) :<br \/>\n\u00c9ditions Playbac<\/p>\n<p><strong>1.2 \u00c9diteur<\/strong> (ci-apr\u00e8s \u00ab l&#8217;\u00e9diteur \u00bb) :<br \/>\n\u00c9ditions Playbac SAS au capital de 40 000 \u20ac dont le si\u00e8ge social est situ\u00e9 \u00e0 Paris repr\u00e9sent\u00e9e par J\u00e9rome SALTET en sa qualit\u00e9 de Pr\u00e9sident immatricul\u00e9e au RCS de Paris 387915317<br \/>\nn\u00b0 de t\u00e9l\u00e9phone : 01 53 01 23 60<br \/>\nadresse mail : <a href=\"mailto:serviceapresventes@playbac.fr\">serviceapresventes@playbac.fr<\/a><\/p>\n<p><strong>1.3 H\u00e9bergeur <\/strong>(ci-apr\u00e8s \u00ab l&#8217;h\u00e9bergeur \u00bb) :<strong><br \/>\n<\/strong>\u00c9ditions Playbac est h\u00e9berg\u00e9 par AWS, dont le si\u00e8ge social est situ\u00e9 31 Pl. des Corolles 92400 Courbevoie.<\/p>\n<p>&nbsp;<\/p>\n<p><strong>Article 2 &#8211; Acc\u00e8s au site<br \/>\n<\/strong>L&#8217;acc\u00e8s au site et son utilisation sont r\u00e9serv\u00e9s \u00e0 un usage strictement personnel. Vous vous engagez \u00e0 ne pas utiliser ce site et les informations ou donn\u00e9es qui y figurent \u00e0 des fins commerciales, politiques, publicitaires et pour toute forme de sollicitation commerciale et notamment l&#8217;envoi de courriers \u00e9lectroniques non sollicit\u00e9s.<\/p>\n<p>&nbsp;<\/p>\n<p><strong>Article 3 &#8211; Contenu du site<br \/>\n<\/strong>Toutes les marques, photographies, textes, commentaires, illustrations, images anim\u00e9es ou non, s\u00e9quences vid\u00e9o, sons, ainsi que toutes les applications informatiques qui pourraient \u00eatre utilis\u00e9es pour faire fonctionner ce site et plus g\u00e9n\u00e9ralement tous les \u00e9l\u00e9ments reproduits ou utilis\u00e9s sur le site sont prot\u00e9g\u00e9s par les lois en vigueur au titre de la propri\u00e9t\u00e9 intellectuelle. Ils sont la propri\u00e9t\u00e9 pleine et enti\u00e8re de l&#8217;\u00e9diteur ou de ses partenaires. Toute reproduction, repr\u00e9sentation, utilisation ou adaptation, sous quelque forme que ce soit, de tout ou partie de ces \u00e9l\u00e9ments, y compris les applications informatiques, sans l&#8217;accord pr\u00e9alable et \u00e9crit de l&#8217;\u00e9diteur, sont strictement interdites. Le fait pour l&#8217;\u00e9diteur de ne pas engager de proc\u00e9dure d\u00e8s la prise de connaissance de ces utilisations non autoris\u00e9es ne vaut pas acceptation desdites utilisations et renonciation aux poursuites.<\/p>\n<p>&nbsp;<\/p>\n<p><strong>Article 4 &#8211; Gestion du site<br \/>\n<\/strong>Pour la bonne gestion du site, l&#8217;\u00e9diteur pourra \u00e0 tout moment :<\/p>\n<p>&#8211; suspendre, interrompre ou limiter l&#8217;acc\u00e8s \u00e0 tout ou partie du site, r\u00e9server l&#8217;acc\u00e8s au site, ou \u00e0 certaines parties du site, \u00e0 une cat\u00e9gorie d\u00e9termin\u00e9e d&#8217;internautes ;<br \/>\n&#8211; supprimer toute information pouvant en perturber le fonctionnement ou entrant en contravention avec les lois nationales ou internationales ;<br \/>\n&#8211; suspendre le site afin de proc\u00e9der \u00e0 des mises \u00e0 jour.<\/p>\n<p>&nbsp;<\/p>\n<p><strong>Article 5 &#8211; Responsabilit\u00e9s<br \/>\n<\/strong>La responsabilit\u00e9 de l&#8217;\u00e9diteur ne peut \u00eatre engag\u00e9e en cas de d\u00e9faillance, panne, difficult\u00e9 ou interruption de fonctionnement, emp\u00eachant l&#8217;acc\u00e8s au site ou \u00e0 une de ses fonctionnalit\u00e9s. Le mat\u00e9riel de connexion au site que vous utilisez est sous votre enti\u00e8re responsabilit\u00e9. Vous devez prendre toutes les mesures appropri\u00e9es pour prot\u00e9ger votre mat\u00e9riel et vos propres donn\u00e9es notamment d&#8217;attaques virales par Internet. Vous \u00eates par ailleurs seul responsable des sites et donn\u00e9es que vous consultez.<\/p>\n<p>L&#8217;\u00e9diteur ne pourra \u00eatre tenu responsable en cas de poursuites judiciaires \u00e0 votre encontre : &#8211; du fait de l&#8217;usage du site ou de tout service accessible via Internet ;<br \/>\n&#8211; du fait du non-respect par vous des pr\u00e9sentes conditions g\u00e9n\u00e9rales d\u2019utilisation.<\/p>\n<p>L&#8217;\u00e9diteur n&#8217;est pas responsable des dommages caus\u00e9s \u00e0 vous-m\u00eame, \u00e0 des tiers et\/ou \u00e0 votre \u00e9quipement du fait de votre connexion ou de votre utilisation du site et vous renoncez \u00e0 toute action contre lui de ce fait. Si l&#8217;\u00e9diteur venait \u00e0 faire l&#8217;objet d&#8217;une proc\u00e9dure amiable ou judiciaire en raison de votre utilisation du site, il pourra se retourner contre vous pour obtenir l&#8217;indemnisation de tous les pr\u00e9judices, sommes, condamnations et frais qui pourraient d\u00e9couler de cette proc\u00e9dure.<\/p>\n<p>&nbsp;<\/p>\n<p><strong>Article 6 &#8211; Liens hypertextes<br \/>\n<\/strong>La mise en place par les utilisateurs de tous liens hypertextes vers tout ou partie du site est strictement interdite, sauf autorisation pr\u00e9alable et \u00e9crite de l&#8217;\u00e9diteur.<\/p>\n<p>L&#8217;\u00e9diteur est libre de refuser cette autorisation sans avoir \u00e0 justifier de quelque mani\u00e8re que ce soit sa d\u00e9cision. Dans le cas o\u00f9 l&#8217;\u00e9diteur accorderait son autorisation, celle-ci n&#8217;est dans tous les cas que temporaire et pourra \u00eatre retir\u00e9e \u00e0 tout moment, sans obligation de justification \u00e0 la charge de l&#8217;\u00e9diteur.<\/p>\n<p>Toute information accessible via un lien vers d&#8217;autres sites n&#8217;est pas publi\u00e9e par l&#8217;\u00e9diteur. L&#8217;\u00e9diteur ne dispose d&#8217;aucun droit sur le contenu pr\u00e9sent dans ledit lien.<\/p>\n<p>&nbsp;<\/p>\n<p><strong>Article 7 &#8211; Collecte et protection des donn\u00e9es<br \/>\n<\/strong>Vos donn\u00e9es sont collect\u00e9es par la soci\u00e9t\u00e9 \u00c9ditions Playbac.<\/p>\n<p>Une donn\u00e9e \u00e0 caract\u00e8re personnel d\u00e9signe toute information concernant une personne physique identifi\u00e9e ou identifiable (personne concern\u00e9e) ; est r\u00e9put\u00e9e identifiable une personne qui peut \u00eatre identifi\u00e9e, directement ou indirectement, notamment par r\u00e9f\u00e9rence \u00e0 un nom, un num\u00e9ro d&#8217;identification ou \u00e0 un ou plusieurs \u00e9l\u00e9ments sp\u00e9cifiques, propres \u00e0 son identit\u00e9 physique, physiologique, g\u00e9n\u00e9tique, psychique, \u00e9conomique, culturelle ou sociale.<\/p>\n<p>Les informations personnelles pouvant \u00eatre recueillies sur le site sont principalement utilis\u00e9es par l&#8217;\u00e9diteur pour la gestion des relations avec vous, et le cas \u00e9ch\u00e9ant pour le traitement de vos commandes.<\/p>\n<p>Pour plus d\u2019informations, nous vous invitons \u00e0 consulter <strong><a href=\"https:\/\/www.playbac-editions.com\/politique-de-protection-des-donnees-de-la-societe-les-editions-playbac\/\">notre politique relative \u00e0 la protection des donn\u00e9es personnelles<\/a><\/strong>.<\/p>\n<p>&nbsp;<\/p>\n<p><strong>Article 8 &#8211; Photographies et repr\u00e9sentation des produits<br \/>\n<\/strong>Les photographies de produits, accompagnant leur description, ne sont pas contractuelles et n&#8217;engagent pas l&#8217;\u00e9diteur.<\/p>\n<p>&nbsp;<\/p>\n<div><strong>Article 9 &#8211; Num\u00e9ros d\u2019identifiants unique ADEME\/CITEO :<\/strong><\/div>\n<div>En application de l\u2019article 62 de la loi anti-gaspillage pour l\u2019\u00e9conomie circulaire (loi AGEC) adopt\u00e9e le 10 f\u00e9vrier 2020, un num\u00e9ro d\u2019identifiant unique g\u00e9n\u00e9r\u00e9 par l\u2019Agence de la transition \u00e9cologique (l\u2019ADEME) a \u00e9t\u00e9<\/div>\n<div>attribu\u00e9 \u00e0 la soci\u00e9t\u00e9 \u00c9dition\u00a0<span class=\"il\">PlayBac<\/span>. Cet identifiant unique concerne toutes les entreprises soumises aux principes de la Responsabilit\u00e9 \u00c9largie du Producteur (REP). Conform\u00e9ment \u00e0 l&#8217;article L.541-10-13 du Code de l&#8217;Environnement, l\u2019ADEME a attribu\u00e9 \u00e0 la soci\u00e9t\u00e9 \u00c9dition\u00a0<span class=\"il\">PlayBac<\/span>, les num\u00e9ros d&#8217;identifiant unique suivants :<\/div>\n<div>\u2022 Pour la fili\u00e8re emballages (CITEO) : FR344553_01TEWK<\/div>\n<div>\u2022 Pour la fili\u00e8re papiers graphiques (CITEO): FR344553_03SNVN<\/div>\n<div>\u2022 Pour la fili\u00e8re jouets : FR344553_12YLXL<\/div>\n<div>\u2022 Pour la fili\u00e8re Piles et accumulateurs : FR344553_06KQMM<\/div>\n<p>&nbsp;<\/p>\n<p><strong>Article 10 &#8211; Loi applicable<br \/>\n<\/strong>Les pr\u00e9sentes conditions d&#8217;utilisation du site sont r\u00e9gies par la loi fran\u00e7aise et soumises \u00e0 la comp\u00e9tence des tribunaux du si\u00e8ge social de l&#8217;\u00e9diteur, sous r\u00e9serve d&#8217;une attribution de comp\u00e9tence sp\u00e9cifique d\u00e9coulant d&#8217;un texte de loi ou r\u00e9glementaire particulier.<\/p>\n<p>&nbsp;<\/p>\n<p><strong>Article 11 &#8211; Contactez-nous<br \/>\n<\/strong>Pour toute question, information sur les produits pr\u00e9sent\u00e9s sur le site, ou concernant le site lui-m\u00eame, vous pouvez laisser un message \u00e0 l&#8217;adresse suivante : <a href=\"mailto:serviceapresventes@playbac.fr\">serviceapresventes@playbac.fr<\/a><\/p>\n","protected":false},"excerpt":{"rendered":"<p>&nbsp; La soci\u00e9t\u00e9 \u00ab les \u00c9ditions Playbac\u00a0\u00bb, soucieuse des droits des individus, notamment au regard des traitements automatis\u00e9s et dans une volont\u00e9 de transparence avec ses clients, a mis en place une politique reprenant l&#8217;ensemble de ces traitements, des finalit\u00e9s poursuivies par ces derniers ainsi que des moyens d&#8217;actions \u00e0 la disposition des individus afin [&#8230;]<\/p>\n<p><a class=\"btn btn-secondary understrap-read-more-link\" href=\"https:\/\/www.playbac-editions.com\/kinra\/mentions-legales\/\">Lire la suite&#8230;<\/a><\/p>\n","protected":false},"author":1,"featured_media":0,"parent":0,"menu_order":0,"comment_status":"closed","ping_status":"closed","template":"page-templates\/fullwidthpage.php","meta":{"_acf_changed":false,"footnotes":""},"class_list":["post-656","page","type-page","status-publish","hentry"],"acf":[],"yoast_head":"<!-- This site is optimized with the Yoast SEO plugin v26.8 - https:\/\/yoast.com\/product\/yoast-seo-wordpress\/ -->\n<title>Mentions l\u00e9gales - kinra<\/title>\n<meta name=\"robots\" content=\"index, follow, max-snippet:-1, max-image-preview:large, max-video-preview:-1\" \/>\n<link rel=\"canonical\" href=\"https:\/\/www.playbac-editions.com\/kinra\/mentions-legales\/\" \/>\n<meta property=\"og:locale\" content=\"fr_FR\" \/>\n<meta property=\"og:type\" content=\"article\" \/>\n<meta property=\"og:title\" content=\"Mentions l\u00e9gales - kinra\" \/>\n<meta property=\"og:description\" content=\"&nbsp; La soci\u00e9t\u00e9 \u00ab les \u00c9ditions Playbac\u00a0\u00bb, soucieuse des droits des individus, notamment au regard des traitements automatis\u00e9s et dans une volont\u00e9 de transparence avec ses clients, a mis en place une politique reprenant l&#8217;ensemble de ces traitements, des finalit\u00e9s poursuivies par ces derniers ainsi que des moyens d&#8217;actions \u00e0 la disposition des individus afin [...]Lire la suite...\" \/>\n<meta property=\"og:url\" content=\"https:\/\/www.playbac-editions.com\/kinra\/mentions-legales\/\" \/>\n<meta property=\"og:site_name\" content=\"kinra\" \/>\n<meta property=\"article:modified_time\" content=\"2023-12-27T07:48:03+00:00\" \/>\n<meta name=\"twitter:card\" content=\"summary_large_image\" \/>\n<meta name=\"twitter:label1\" content=\"Est. reading time\" \/>\n\t<meta name=\"twitter:data1\" content=\"5 minutes\" \/>\n<script type=\"application\/ld+json\" class=\"yoast-schema-graph\">{\"@context\":\"https:\/\/schema.org\",\"@graph\":[{\"@type\":\"WebPage\",\"@id\":\"https:\/\/www.playbac-editions.com\/kinra\/mentions-legales\/\",\"url\":\"https:\/\/www.playbac-editions.com\/kinra\/mentions-legales\/\",\"name\":\"Mentions l\u00e9gales - kinra\",\"isPartOf\":{\"@id\":\"https:\/\/www.playbac-editions.com\/kinra\/#website\"},\"datePublished\":\"2023-07-07T08:22:33+00:00\",\"dateModified\":\"2023-12-27T07:48:03+00:00\",\"inLanguage\":\"fr-FR\",\"potentialAction\":[{\"@type\":\"ReadAction\",\"target\":[\"https:\/\/www.playbac-editions.com\/kinra\/mentions-legales\/\"]}]},{\"@type\":\"WebSite\",\"@id\":\"https:\/\/www.playbac-editions.com\/kinra\/#website\",\"url\":\"https:\/\/www.playbac-editions.com\/kinra\/\",\"name\":\"kinra\",\"description\":\"Kinra\",\"potentialAction\":[{\"@type\":\"SearchAction\",\"target\":{\"@type\":\"EntryPoint\",\"urlTemplate\":\"https:\/\/www.playbac-editions.com\/kinra\/?s={search_term_string}\"},\"query-input\":{\"@type\":\"PropertyValueSpecification\",\"valueRequired\":true,\"valueName\":\"search_term_string\"}}],\"inLanguage\":\"fr-FR\"}]}<\/script>\n<!-- \/ Yoast SEO plugin. -->","yoast_head_json":{"title":"Mentions l\u00e9gales - kinra","robots":{"index":"index","follow":"follow","max-snippet":"max-snippet:-1","max-image-preview":"max-image-preview:large","max-video-preview":"max-video-preview:-1"},"canonical":"https:\/\/www.playbac-editions.com\/kinra\/mentions-legales\/","og_locale":"fr_FR","og_type":"article","og_title":"Mentions l\u00e9gales - kinra","og_description":"&nbsp; La soci\u00e9t\u00e9 \u00ab les \u00c9ditions Playbac\u00a0\u00bb, soucieuse des droits des individus, notamment au regard des traitements automatis\u00e9s et dans une volont\u00e9 de transparence avec ses clients, a mis en place une politique reprenant l&#8217;ensemble de ces traitements, des finalit\u00e9s poursuivies par ces derniers ainsi que des moyens d&#8217;actions \u00e0 la disposition des individus afin [...]Lire la suite...","og_url":"https:\/\/www.playbac-editions.com\/kinra\/mentions-legales\/","og_site_name":"kinra","article_modified_time":"2023-12-27T07:48:03+00:00","twitter_card":"summary_large_image","twitter_misc":{"Est. reading time":"5 minutes"},"schema":{"@context":"https:\/\/schema.org","@graph":[{"@type":"WebPage","@id":"https:\/\/www.playbac-editions.com\/kinra\/mentions-legales\/","url":"https:\/\/www.playbac-editions.com\/kinra\/mentions-legales\/","name":"Mentions l\u00e9gales - kinra","isPartOf":{"@id":"https:\/\/www.playbac-editions.com\/kinra\/#website"},"datePublished":"2023-07-07T08:22:33+00:00","dateModified":"2023-12-27T07:48:03+00:00","inLanguage":"fr-FR","potentialAction":[{"@type":"ReadAction","target":["https:\/\/www.playbac-editions.com\/kinra\/mentions-legales\/"]}]},{"@type":"WebSite","@id":"https:\/\/www.playbac-editions.com\/kinra\/#website","url":"https:\/\/www.playbac-editions.com\/kinra\/","name":"kinra","description":"Kinra","potentialAction":[{"@type":"SearchAction","target":{"@type":"EntryPoint","urlTemplate":"https:\/\/www.playbac-editions.com\/kinra\/?s={search_term_string}"},"query-input":{"@type":"PropertyValueSpecification","valueRequired":true,"valueName":"search_term_string"}}],"inLanguage":"fr-FR"}]}},"_links":{"self":[{"href":"https:\/\/www.playbac-editions.com\/kinra\/wp-json\/wp\/v2\/pages\/656","targetHints":{"allow":["GET"]}}],"collection":[{"href":"https:\/\/www.playbac-editions.com\/kinra\/wp-json\/wp\/v2\/pages"}],"about":[{"href":"https:\/\/www.playbac-editions.com\/kinra\/wp-json\/wp\/v2\/types\/page"}],"author":[{"embeddable":true,"href":"https:\/\/www.playbac-editions.com\/kinra\/wp-json\/wp\/v2\/users\/1"}],"replies":[{"embeddable":true,"href":"https:\/\/www.playbac-editions.com\/kinra\/wp-json\/wp\/v2\/comments?post=656"}],"version-history":[{"count":8,"href":"https:\/\/www.playbac-editions.com\/kinra\/wp-json\/wp\/v2\/pages\/656\/revisions"}],"predecessor-version":[{"id":681,"href":"https:\/\/www.playbac-editions.com\/kinra\/wp-json\/wp\/v2\/pages\/656\/revisions\/681"}],"wp:attachment":[{"href":"https:\/\/www.playbac-editions.com\/kinra\/wp-json\/wp\/v2\/media?parent=656"}],"curies":[{"name":"wp","href":"https:\/\/api.w.org\/{rel}","templated":true}]}}